{"id":8715,"date":"2017-07-03T14:19:07","date_gmt":"2017-07-03T12:19:07","guid":{"rendered":"https:\/\/opa.pl\/automation-and-computer-science\/"},"modified":"2024-09-04T21:05:50","modified_gmt":"2024-09-04T19:05:50","slug":"automation-and-computer-science","status":"publish","type":"page","link":"https:\/\/opa.pl\/en\/automation-and-computer-science\/","title":{"rendered":"Automation and Computer Science"},"content":{"rendered":"<!--themify_builder_content-->\n<div id=\"themify_builder_content-8715\" data-postid=\"8715\" class=\"themify_builder_content themify_builder_content-8715 themify_builder tf_clear\">\n                    <div  data-css_id=\"ij5o247\" data-lazy=\"1\" class=\"module_row themify_builder_row fullwidth_row_container tb_ij5o247 tb_first tf_w\">\n            <span  class=\"builder_row_cover tf_abs\" data-lazy=\"1\"><\/span>            <div class=\"row_inner col_align_top tb_col_count_1 tf_box tf_rel\">\n                        <div  data-lazy=\"1\" class=\"module_column tb-column col-full tb_ebke252 first\">\n                    <!-- module text -->\n<div  class=\"module module-text tb_f6lx253   \" data-lazy=\"1\">\n        <div  class=\"tb_text_wrap\">\n        <h1 style=\"text-align: center;\"><strong>AUTOMATION AND COMPUTER SCIENCE<\/strong><\/h1>    <\/div>\n<\/div>\n<!-- \/module text -->        <\/div>\n                        <\/div>\n        <\/div>\n                        <div  data-lazy=\"1\" class=\"module_row themify_builder_row tb_awqp247 tf_w\">\n                        <div class=\"row_inner col_align_top tb_col_count_1 tf_box tf_rel\">\n                        <div  data-lazy=\"1\" class=\"module_column tb-column col-full tb_dfqu255 first\">\n                    <!-- module text -->\n<div  class=\"module module-text tb_ac6x256  repeat \" data-lazy=\"1\">\n        <div  class=\"tb_text_wrap\">\n        <p>Due to the continuous growth of OPA SA and the expansion of its service offerings, the Automation and IT Department has been established, providing comprehensive execution of the following services: <\/p>    <\/div>\n<\/div>\n<!-- \/module text --><!-- module accordion -->\n<div  class=\"module module-accordion tb_wrou256 \" data-behavior=\"toggle\" data-lazy=\"1\">\n    \n    <ul class=\"ui module-accordion   tb_default_color\">\n            <li>\n            <div class=\"accordion-title tf_rel\">\n                <a href=\"#acc-wrou256-0\" class=\"tb_title_accordion\" aria-controls=\"acc-wrou256-0-content\" aria-expanded=\"false\">\n                                                            <span class=\"accordion-title-wrap\">Design, implementation and modernization of automation in production lines and machines:<\/span>                <\/a>\n            <\/div><!-- .accordion-title -->\n            <div id=\"acc-wrou256-0-content\" data-id=\"acc-wrou256-0\" aria-hidden=\"true\" class=\"accordion-content tf_hide tf_clearfix\">\n                                    <div class=\"tb_text_wrap\">\n                        <ul><li>projektowanie system\u00f3w sterowania i\u00a0nadzoru produkcj\u0105,<\/li><li>integracja z\u00a0graficznym interfejsem obs\u0142ugi i\u00a0nadzoru produkcji SCADA.<\/li><\/ul>                    <\/div>\n                            <\/div><!-- .accordion-content -->\n        <\/li>\n            <li>\n            <div class=\"accordion-title tf_rel\">\n                <a href=\"#acc-wrou256-1\" class=\"tb_title_accordion\" aria-controls=\"acc-wrou256-1-content\" aria-expanded=\"false\">\n                                                            <span class=\"accordion-title-wrap\">Design and implementation of telecommunication and IT networks:<\/span>                <\/a>\n            <\/div><!-- .accordion-title -->\n            <div id=\"acc-wrou256-1-content\" data-id=\"acc-wrou256-1\" aria-hidden=\"true\" class=\"accordion-content tf_hide tf_clearfix\">\n                                    <div class=\"tb_text_wrap\">\n                        <ul><li>projektowanie i\u00a0wykonawstwo sieci teletransmisyjnych zar\u00f3wno kablowych, \u015bwiat\u0142owodowych jak i\u00a0radiowych.<\/li><\/ul>                    <\/div>\n                            <\/div><!-- .accordion-content -->\n        <\/li>\n            <li>\n            <div class=\"accordion-title tf_rel\">\n                <a href=\"#acc-wrou256-2\" class=\"tb_title_accordion\" aria-controls=\"acc-wrou256-2-content\" aria-expanded=\"false\">\n                                                            <span class=\"accordion-title-wrap\">Design and implementation of telemetry systems:<\/span>                <\/a>\n            <\/div><!-- .accordion-title -->\n            <div id=\"acc-wrou256-2-content\" data-id=\"acc-wrou256-2\" aria-hidden=\"true\" class=\"accordion-content tf_hide tf_clearfix\">\n                                    <div class=\"tb_text_wrap\">\n                        <ul><li>projektowanie i\u00a0wykonawstwo system\u00f3w telemetrycznych przewodowych, radiowych, jak i\u00a0wykorzystuj\u0105cych sie\u0107 telefonii kom\u00f3rkowej GSM do zbierania danych z\u00a0du\u017cych obszar\u00f3w oraz miejsc o\u00a0utrudnionym dost\u0119pie.<\/li><\/ul>                    <\/div>\n                            <\/div><!-- .accordion-content -->\n        <\/li>\n            <li>\n            <div class=\"accordion-title tf_rel\">\n                <a href=\"#acc-wrou256-3\" class=\"tb_title_accordion\" aria-controls=\"acc-wrou256-3-content\" aria-expanded=\"false\">\n                                                            <span class=\"accordion-title-wrap\">Designing analog and digital electronic devices in compliance with \"CE\" standards:<\/span>                <\/a>\n            <\/div><!-- .accordion-title -->\n            <div id=\"acc-wrou256-3-content\" data-id=\"acc-wrou256-3\" aria-hidden=\"true\" class=\"accordion-content tf_hide tf_clearfix\">\n                                    <div class=\"tb_text_wrap\">\n                        <ul><li>projektowanie urz\u0105dze\u0144 zgodnych z\u00a0\u201eCE\u201d,<\/li><li>projektowanie urz\u0105dze\u0144 oraz przygotowywanie oprogramowania wbudowanego, oprogramowania klasy \u201eB\u201d zgodnie z\u00a0normami ISO dla sprz\u0119tu nie mog\u0105cego spowodowa\u0107 zagro\u017cenia \u017cycia lub wyrz\u0105dzi\u0107 szkody materialnej w\u00a0przypadku awarii, takich jak: urz\u0105dzenia d\u017awigowe, czy urz\u0105dzenia steruj\u0105ce procesami przemys\u0142owymi,<\/li><li>projektowanie elektroniki do pracy w\u00a0warunkach ci\u0119\u017ckich np. niskie\/wysokie temperatury, wysoki poziom zak\u0142\u00f3ce\u0144 elektromagnetycznych.<\/li><\/ul>                    <\/div>\n                            <\/div><!-- .accordion-content -->\n        <\/li>\n            <li>\n            <div class=\"accordion-title tf_rel\">\n                <a href=\"#acc-wrou256-4\" class=\"tb_title_accordion\" aria-controls=\"acc-wrou256-4-content\" aria-expanded=\"false\">\n                                                            <span class=\"accordion-title-wrap\">Designing sensors for measuring physical quantities and instrumentation for real-time monitoring of equipment.<\/span>                <\/a>\n            <\/div><!-- .accordion-title -->\n            <div id=\"acc-wrou256-4-content\" data-id=\"acc-wrou256-4\" aria-hidden=\"true\" class=\"accordion-content tf_hide tf_clearfix\">\n                                    <div class=\"tb_text_wrap\">\n                        <ul><li>projektowanie urz\u0105dze\u0144 i\u00a0czujnik\u00f3w pomiarowych dostosowanych do konkretnych zada\u0144, umo\u017cliwiaj\u0105cych wykrywanie zagro\u017ce\u0144 i\u00a0uszkodze\u0144 w\u00a0czasie rzeczywistym; dzi\u0119ki specjalistycznej budowie dedykowanej do nadzorowanych proces\u00f3w, zapewniaj\u0105 wielokrotnie wy\u017csz\u0105 niezawodno\u015b\u0107 ni\u017c w\u00a0przypadku zastosowania sterownik\u00f3w og\u00f3lnego przeznaczenia.<\/li><\/ul>                    <\/div>\n                            <\/div><!-- .accordion-content -->\n        <\/li>\n        <\/ul>\n\n<\/div><!-- \/module accordion --><!-- module divider -->\n<div  class=\"module tf_mw module-divider tb_epe551 solid  divider-custom divider-center\" style=\"border-width: 1px;border-color: #000000;margin-top: 50px;margin-bottom: 50px;max-width: 500px;\" data-lazy=\"1\">\n    <\/div>\n<!-- \/module divider -->\n<!-- module text -->\n<div  class=\"module module-text tb_btib257   \" data-lazy=\"1\">\n        <div  class=\"tb_text_wrap\">\n        <h5 style=\"text-align: center;\"><strong>We look forward to working with you.<\/strong><\/h5>    <\/div>\n<\/div>\n<!-- \/module text --><!-- module callout -->\n<div  class=\"module ui module-callout tb_3r18257 button-right tb_default_color  \" data-lazy=\"1\">\n    \n    <div class=\"callout-inner\">\n    <div class=\"callout-content tf_left\">\n        <h3 class=\"callout-heading\">Swimming pool automation systems<\/h3>\n        <div class=\"tb_text_wrap\">\n            OFFER        <\/div>\n    <\/div>\n    <!-- \/callout-content -->\n                    <div class=\"callout-button tf_right tf_textr\">\n            <a href=\"https:\/\/opa.pl\/automatyka-i-informatyka\/systemy-automatyki-basenowej\/\" class=\"ui builder_button  black\" rel=\"noopener\" target=\"_blank\">\n                <span class=\"tb_callout_text\">SEE<\/span>\n            <\/a>\n        <\/div>\n            <\/div>\n    <!-- \/callout-content -->\n<\/div>\n<!-- \/module callout -->\n        <\/div>\n                        <\/div>\n        <\/div>\n                        <div  data-css_id=\"49yj520\" data-lazy=\"1\" class=\"module_row themify_builder_row fullwidth_row_container tb_49yj520 tf_w\">\n                        <div class=\"row_inner col_align_top tb_col_count_2 tf_box tf_rel\">\n                        <div  data-lazy=\"1\" class=\"module_column tb-column col4-2 tb_rovb520 first\">\n                    <!-- module text -->\n<div  class=\"module module-text tb_fxcs520   \" data-lazy=\"1\">\n        <div  class=\"tb_text_wrap\">\n        <h3 style=\"text-align: center;\"><strong>CONTACT PERSON<br><\/strong><\/h3>\n<p style=\"text-align: center;\"><strong>Dawid Laskowski<br><\/strong><\/p>    <\/div>\n<\/div>\n<!-- \/module text -->        <div  data-lazy=\"1\" class=\"module_subrow themify_builder_sub_row tf_w col_align_top tb_col_count_3 tb_51q6521\">\n                <div  data-lazy=\"1\" class=\"module_column sub_column col3-1 tb_stno521 first\">\n                            <\/div>\n                    <div  data-lazy=\"1\" class=\"module_column sub_column col3-1 tb_os25521\">\n                    <!-- module text -->\n<div  class=\"module module-text tb_wsjl521  repeat \" data-lazy=\"1\">\n        <div  class=\"tb_text_wrap\">\n        <p style=\"text-align: center;\"><a href=\"mailto:dawidlaskowski@opa.pl\">E-MAIL<br><\/a><\/p>    <\/div>\n<\/div>\n<!-- \/module text -->        <\/div>\n                    <div  data-lazy=\"1\" class=\"module_column sub_column col3-1 tb_91xx521 last\">\n                            <\/div>\n                    <\/div>\n                <div  data-lazy=\"1\" class=\"module_subrow themify_builder_sub_row tf_w col_align_top tb_col_count_3 tb_ixs6521\">\n                <div  data-lazy=\"1\" class=\"module_column sub_column col3-1 tb_7hnw521 first\">\n                            <\/div>\n                    <div  data-lazy=\"1\" class=\"module_column sub_column col3-1 tb_d0st522\">\n                    <!-- module text -->\n<div  class=\"module module-text tb_su3a522  repeat \" data-lazy=\"1\">\n        <div  class=\"tb_text_wrap\">\n        <p style=\"text-align: center;\"><a href=\"tel:+48502160157\">CALL NOW<br><\/a><\/p>    <\/div>\n<\/div>\n<!-- \/module text -->        <\/div>\n                    <div  data-lazy=\"1\" class=\"module_column sub_column col3-1 tb_r1a1522 last\">\n                            <\/div>\n                    <\/div>\n                <\/div>\n                    <div  data-lazy=\"1\" class=\"module_column tb-column col4-2 tb_ae0l522 last\">\n                    <!-- module text -->\n<div  class=\"module module-text tb_weoo522   \" data-lazy=\"1\">\n        <div  class=\"tb_text_wrap\">\n        <h3 style=\"text-align: center;\"><strong>CONTACT PERSON<\/strong><\/h3>\n<p style=\"text-align: center;\"><strong>Artur Hucz<\/strong><\/p>    <\/div>\n<\/div>\n<!-- \/module text -->        <div  data-lazy=\"1\" class=\"module_subrow themify_builder_sub_row tf_w col_align_top tb_col_count_3 tb_rjk8522\">\n                <div  data-lazy=\"1\" class=\"module_column sub_column col3-1 tb_dvbk522 first\">\n                            <\/div>\n                    <div  data-lazy=\"1\" class=\"module_column sub_column col3-1 tb_clr9522\">\n                    <!-- module text -->\n<div  class=\"module module-text tb_1h8l522  repeat \" data-lazy=\"1\">\n        <div  class=\"tb_text_wrap\">\n        <p style=\"text-align: center;\"><a href=\"mailto:arturhucz@opa.pl\">E-MAIL<br><\/a><\/p>    <\/div>\n<\/div>\n<!-- \/module text -->        <\/div>\n                    <div  data-lazy=\"1\" class=\"module_column sub_column col3-1 tb_r3fe522 last\">\n                            <\/div>\n                    <\/div>\n                <div  data-lazy=\"1\" class=\"module_subrow themify_builder_sub_row tf_w col_align_top tb_col_count_3 tb_n50d522\">\n                <div  data-lazy=\"1\" class=\"module_column sub_column col3-1 tb_kwzq522 first\">\n                            <\/div>\n                    <div  data-lazy=\"1\" class=\"module_column sub_column col3-1 tb_9l50522\">\n                    <!-- module text -->\n<div  class=\"module module-text tb_hpb3522  repeat \" data-lazy=\"1\">\n        <div  class=\"tb_text_wrap\">\n        <p style=\"text-align: center;\"><a href=\"tel:+48519853509\">CALL NOW<\/a><\/p>    <\/div>\n<\/div>\n<!-- \/module text -->        <\/div>\n                    <div  data-lazy=\"1\" class=\"module_column sub_column col3-1 tb_y65z522 last\">\n                            <\/div>\n                    <\/div>\n                <\/div>\n                        <\/div>\n        <\/div>\n        <\/div>\n<!--\/themify_builder_content-->","protected":false},"excerpt":{"rendered":"<p>AUTOMATION AND COMPUTER SCIENCE Due to the continuous growth of OPA SA and the expansion of its service offerings, the Automation and IT Department has been established, providing comprehensive execution of the following services: Design, implementation and modernization of automation in production lines and machines: projektowanie system\u00f3w sterowania i\u00a0nadzoru produkcj\u0105, integracja z\u00a0graficznym interfejsem obs\u0142ugi i\u00a0nadzoru [&hellip;]<\/p>\n","protected":false},"author":66,"featured_media":0,"parent":0,"menu_order":0,"comment_status":"closed","ping_status":"closed","template":"","meta":{"footnotes":"","_links_to":"","_links_to_target":""},"class_list":["post-8715","page","type-page","status-publish","hentry","has-post-title","has-post-date","has-post-category","has-post-tag","has-post-comment","has-post-author",""],"yoast_head":"<!-- This site is optimized with the Yoast SEO plugin v27.4 - https:\/\/yoast.com\/product\/yoast-seo-wordpress\/ -->\n<title>Automation - IT networks - Telemetry systems - Measurement and Automation Center S.A.<\/title>\n<meta name=\"description\" content=\"We design and implement machine production lines, IT networks and telemetry systems. Automation and measurement are our priorities.\" \/>\n<meta name=\"robots\" content=\"index, follow, max-snippet:-1, max-image-preview:large, max-video-preview:-1\" \/>\n<link rel=\"canonical\" href=\"https:\/\/opa.pl\/en\/automation-and-computer-science\/\" \/>\n<meta property=\"og:locale\" content=\"en_US\" \/>\n<meta property=\"og:type\" content=\"article\" \/>\n<meta property=\"og:title\" content=\"Automation - IT networks - Telemetry systems - Measurement and Automation Center S.A.\" \/>\n<meta property=\"og:description\" content=\"We design and implement machine production lines, IT networks and telemetry systems. Automation and measurement are our priorities.\" \/>\n<meta property=\"og:url\" content=\"https:\/\/opa.pl\/en\/automation-and-computer-science\/\" \/>\n<meta property=\"og:site_name\" content=\"OPA S.A.\" \/>\n<meta property=\"article:modified_time\" content=\"2024-09-04T19:05:50+00:00\" \/>\n<meta name=\"twitter:card\" content=\"summary_large_image\" \/>\n<meta name=\"twitter:label1\" content=\"Est. reading time\" \/>\n\t<meta name=\"twitter:data1\" content=\"1 minute\" \/>\n<script type=\"application\/ld+json\" class=\"yoast-schema-graph\">{\"@context\":\"https:\\\/\\\/schema.org\",\"@graph\":[{\"@type\":\"WebPage\",\"@id\":\"https:\\\/\\\/opa.pl\\\/en\\\/automation-and-computer-science\\\/\",\"url\":\"https:\\\/\\\/opa.pl\\\/en\\\/automation-and-computer-science\\\/\",\"name\":\"Automation - IT networks - Telemetry systems - Measurement and Automation Center S.A.\",\"isPartOf\":{\"@id\":\"https:\\\/\\\/opa.pl\\\/en\\\/#website\"},\"datePublished\":\"2017-07-03T12:19:07+00:00\",\"dateModified\":\"2024-09-04T19:05:50+00:00\",\"description\":\"We design and implement machine production lines, IT networks and telemetry systems. Automation and measurement are our priorities.\",\"breadcrumb\":{\"@id\":\"https:\\\/\\\/opa.pl\\\/en\\\/automation-and-computer-science\\\/#breadcrumb\"},\"inLanguage\":\"en-US\",\"potentialAction\":[{\"@type\":\"ReadAction\",\"target\":[\"https:\\\/\\\/opa.pl\\\/en\\\/automation-and-computer-science\\\/\"]}]},{\"@type\":\"BreadcrumbList\",\"@id\":\"https:\\\/\\\/opa.pl\\\/en\\\/automation-and-computer-science\\\/#breadcrumb\",\"itemListElement\":[{\"@type\":\"ListItem\",\"position\":1,\"name\":\"Strona g\u0142\u00f3wna\",\"item\":\"https:\\\/\\\/opa.pl\\\/en\\\/home\\\/\"},{\"@type\":\"ListItem\",\"position\":2,\"name\":\"Automation and Computer Science\"}]},{\"@type\":\"WebSite\",\"@id\":\"https:\\\/\\\/opa.pl\\\/en\\\/#website\",\"url\":\"https:\\\/\\\/opa.pl\\\/en\\\/\",\"name\":\"OPA S.A.\",\"description\":\"Pomiary elektryczne, badania nieniszcz\u0105ce, projektowanie instalacji elektrycznych, pogotowie kablowe, pompy ciep\u0142a, fotowoltaika\",\"publisher\":{\"@id\":\"https:\\\/\\\/opa.pl\\\/en\\\/#organization\"},\"potentialAction\":[{\"@type\":\"SearchAction\",\"target\":{\"@type\":\"EntryPoint\",\"urlTemplate\":\"https:\\\/\\\/opa.pl\\\/en\\\/?s={search_term_string}\"},\"query-input\":{\"@type\":\"PropertyValueSpecification\",\"valueRequired\":true,\"valueName\":\"search_term_string\"}}],\"inLanguage\":\"en-US\"},{\"@type\":\"Organization\",\"@id\":\"https:\\\/\\\/opa.pl\\\/en\\\/#organization\",\"name\":\"OPA PW S.A.\",\"url\":\"https:\\\/\\\/opa.pl\\\/en\\\/\",\"logo\":{\"@type\":\"ImageObject\",\"inLanguage\":\"en-US\",\"@id\":\"https:\\\/\\\/opa.pl\\\/en\\\/#\\\/schema\\\/logo\\\/image\\\/\",\"url\":\"https:\\\/\\\/opa.pl\\\/wp-content\\\/uploads\\\/2017\\\/09\\\/opa_logo_na-www.png\",\"contentUrl\":\"https:\\\/\\\/opa.pl\\\/wp-content\\\/uploads\\\/2017\\\/09\\\/opa_logo_na-www.png\",\"width\":703,\"height\":241,\"caption\":\"OPA PW S.A.\"},\"image\":{\"@id\":\"https:\\\/\\\/opa.pl\\\/en\\\/#\\\/schema\\\/logo\\\/image\\\/\"}}]}<\/script>\n<!-- \/ Yoast SEO plugin. -->","yoast_head_json":{"title":"Automation - IT networks - Telemetry systems - Measurement and Automation Center S.A.","description":"We design and implement machine production lines, IT networks and telemetry systems. Automation and measurement are our priorities.","robots":{"index":"index","follow":"follow","max-snippet":"max-snippet:-1","max-image-preview":"max-image-preview:large","max-video-preview":"max-video-preview:-1"},"canonical":"https:\/\/opa.pl\/en\/automation-and-computer-science\/","og_locale":"en_US","og_type":"article","og_title":"Automation - IT networks - Telemetry systems - Measurement and Automation Center S.A.","og_description":"We design and implement machine production lines, IT networks and telemetry systems. Automation and measurement are our priorities.","og_url":"https:\/\/opa.pl\/en\/automation-and-computer-science\/","og_site_name":"OPA S.A.","article_modified_time":"2024-09-04T19:05:50+00:00","twitter_card":"summary_large_image","twitter_misc":{"Est. reading time":"1 minute"},"schema":{"@context":"https:\/\/schema.org","@graph":[{"@type":"WebPage","@id":"https:\/\/opa.pl\/en\/automation-and-computer-science\/","url":"https:\/\/opa.pl\/en\/automation-and-computer-science\/","name":"Automation - IT networks - Telemetry systems - Measurement and Automation Center S.A.","isPartOf":{"@id":"https:\/\/opa.pl\/en\/#website"},"datePublished":"2017-07-03T12:19:07+00:00","dateModified":"2024-09-04T19:05:50+00:00","description":"We design and implement machine production lines, IT networks and telemetry systems. Automation and measurement are our priorities.","breadcrumb":{"@id":"https:\/\/opa.pl\/en\/automation-and-computer-science\/#breadcrumb"},"inLanguage":"en-US","potentialAction":[{"@type":"ReadAction","target":["https:\/\/opa.pl\/en\/automation-and-computer-science\/"]}]},{"@type":"BreadcrumbList","@id":"https:\/\/opa.pl\/en\/automation-and-computer-science\/#breadcrumb","itemListElement":[{"@type":"ListItem","position":1,"name":"Strona g\u0142\u00f3wna","item":"https:\/\/opa.pl\/en\/home\/"},{"@type":"ListItem","position":2,"name":"Automation and Computer Science"}]},{"@type":"WebSite","@id":"https:\/\/opa.pl\/en\/#website","url":"https:\/\/opa.pl\/en\/","name":"OPA S.A.","description":"Pomiary elektryczne, badania nieniszcz\u0105ce, projektowanie instalacji elektrycznych, pogotowie kablowe, pompy ciep\u0142a, fotowoltaika","publisher":{"@id":"https:\/\/opa.pl\/en\/#organization"},"potentialAction":[{"@type":"SearchAction","target":{"@type":"EntryPoint","urlTemplate":"https:\/\/opa.pl\/en\/?s={search_term_string}"},"query-input":{"@type":"PropertyValueSpecification","valueRequired":true,"valueName":"search_term_string"}}],"inLanguage":"en-US"},{"@type":"Organization","@id":"https:\/\/opa.pl\/en\/#organization","name":"OPA PW S.A.","url":"https:\/\/opa.pl\/en\/","logo":{"@type":"ImageObject","inLanguage":"en-US","@id":"https:\/\/opa.pl\/en\/#\/schema\/logo\/image\/","url":"https:\/\/opa.pl\/wp-content\/uploads\/2017\/09\/opa_logo_na-www.png","contentUrl":"https:\/\/opa.pl\/wp-content\/uploads\/2017\/09\/opa_logo_na-www.png","width":703,"height":241,"caption":"OPA PW S.A."},"image":{"@id":"https:\/\/opa.pl\/en\/#\/schema\/logo\/image\/"}}]}},"builder_content":"<h1 style=\"text-align: center;\"><strong>AUTOMATION AND COMPUTER SCIENCE<\/strong><\/h1>\n<p>Due to the continuous growth of OPA SA and the expansion of its service offerings, the Automation and IT Department has been established, providing comprehensive execution of the following services: <\/p>\n<ul><li><h4>Design, implementation and modernization of automation in production lines and machines:<\/h4><ul><li>projektowanie system\u00f3w sterowania i\u00a0nadzoru produkcj\u0105,<\/li><li>integracja z\u00a0graficznym interfejsem obs\u0142ugi i\u00a0nadzoru produkcji SCADA.<\/li><\/ul><\/li><li><h4>Design and implementation of telecommunication and IT networks:<\/h4><ul><li>projektowanie i\u00a0wykonawstwo sieci teletransmisyjnych zar\u00f3wno kablowych, \u015bwiat\u0142owodowych jak i\u00a0radiowych.<\/li><\/ul><\/li><li><h4>Design and implementation of telemetry systems:<\/h4><ul><li>projektowanie i\u00a0wykonawstwo system\u00f3w telemetrycznych przewodowych, radiowych, jak i\u00a0wykorzystuj\u0105cych sie\u0107 telefonii kom\u00f3rkowej GSM do zbierania danych z\u00a0du\u017cych obszar\u00f3w oraz miejsc o\u00a0utrudnionym dost\u0119pie.<\/li><\/ul><\/li><li><h4>Designing analog and digital electronic devices in compliance with \"CE\" standards:<\/h4><ul><li>projektowanie urz\u0105dze\u0144 zgodnych z\u00a0\u201eCE\u201d,<\/li><li>projektowanie urz\u0105dze\u0144 oraz przygotowywanie oprogramowania wbudowanego, oprogramowania klasy \u201eB\u201d zgodnie z\u00a0normami ISO dla sprz\u0119tu nie mog\u0105cego spowodowa\u0107 zagro\u017cenia \u017cycia lub wyrz\u0105dzi\u0107 szkody materialnej w\u00a0przypadku awarii, takich jak: urz\u0105dzenia d\u017awigowe, czy urz\u0105dzenia steruj\u0105ce procesami przemys\u0142owymi,<\/li><li>projektowanie elektroniki do pracy w\u00a0warunkach ci\u0119\u017ckich np. niskie\/wysokie temperatury, wysoki poziom zak\u0142\u00f3ce\u0144 elektromagnetycznych.<\/li><\/ul><\/li><li><h4>Designing sensors for measuring physical quantities and instrumentation for real-time monitoring of equipment.<\/h4><ul><li>projektowanie urz\u0105dze\u0144 i\u00a0czujnik\u00f3w pomiarowych dostosowanych do konkretnych zada\u0144, umo\u017cliwiaj\u0105cych wykrywanie zagro\u017ce\u0144 i\u00a0uszkodze\u0144 w\u00a0czasie rzeczywistym; dzi\u0119ki specjalistycznej budowie dedykowanej do nadzorowanych proces\u00f3w, zapewniaj\u0105 wielokrotnie wy\u017csz\u0105 niezawodno\u015b\u0107 ni\u017c w\u00a0przypadku zastosowania sterownik\u00f3w og\u00f3lnego przeznaczenia.<\/li><\/ul><\/li><\/ul>\n\n<h5 style=\"text-align: center;\"><strong>We look forward to working with you.<\/strong><\/h5>\n<h3>Swimming pool automation systems<\/h3> OFFER <a href=\"https:\/\/opa.pl\/automatyka-i-informatyka\/systemy-automatyki-basenowej\/\" rel=\"noopener\" target=\"_blank\"> SEE <\/a>\n<h3 style=\"text-align: center;\"><strong>CONTACT PERSON<br><\/strong><\/h3> <p style=\"text-align: center;\"><strong>Dawid Laskowski<br><\/strong><\/p>\n<p style=\"text-align: center;\"><a href=\"mailto:dawidlaskowski@opa.pl\">E-MAIL<br><\/a><\/p>\n<p style=\"text-align: center;\"><a href=\"tel:+48502160157\">CALL NOW<br><\/a><\/p>\n<h3 style=\"text-align: center;\"><strong>CONTACT PERSON<\/strong><\/h3> <p style=\"text-align: center;\"><strong>Artur Hucz<\/strong><\/p>\n<p style=\"text-align: center;\"><a href=\"mailto:arturhucz@opa.pl\">E-MAIL<br><\/a><\/p>\n<p style=\"text-align: center;\"><a href=\"tel:+48519853509\">CALL NOW<\/a><\/p>","_links":{"self":[{"href":"https:\/\/opa.pl\/en\/wp-json\/wp\/v2\/pages\/8715","targetHints":{"allow":["GET"]}}],"collection":[{"href":"https:\/\/opa.pl\/en\/wp-json\/wp\/v2\/pages"}],"about":[{"href":"https:\/\/opa.pl\/en\/wp-json\/wp\/v2\/types\/page"}],"author":[{"embeddable":true,"href":"https:\/\/opa.pl\/en\/wp-json\/wp\/v2\/users\/66"}],"replies":[{"embeddable":true,"href":"https:\/\/opa.pl\/en\/wp-json\/wp\/v2\/comments?post=8715"}],"version-history":[{"count":3,"href":"https:\/\/opa.pl\/en\/wp-json\/wp\/v2\/pages\/8715\/revisions"}],"predecessor-version":[{"id":8905,"href":"https:\/\/opa.pl\/en\/wp-json\/wp\/v2\/pages\/8715\/revisions\/8905"}],"wp:attachment":[{"href":"https:\/\/opa.pl\/en\/wp-json\/wp\/v2\/media?parent=8715"}],"curies":[{"name":"wp","href":"https:\/\/api.w.org\/{rel}","templated":true}]}}