{"id":8732,"date":"2017-07-06T09:17:23","date_gmt":"2017-07-06T07:17:23","guid":{"rendered":"https:\/\/opa.pl\/cookie-policy\/"},"modified":"2024-10-14T14:00:11","modified_gmt":"2024-10-14T12:00:11","slug":"cookie-policy","status":"publish","type":"page","link":"https:\/\/opa.pl\/en\/cookie-policy\/","title":{"rendered":"Cookie policy"},"content":{"rendered":"<p style=\"text-align: justify;\"><strong>Cookies:<\/strong><\/p>\n<p style=\"text-align: justify; padding-left: 30px;\">Information, small files saved by a server on the user&#8217;s device (computer, tablet, or smartphone) while visiting websites. These files can be read by servers each time the device connects. Cookies typically contain the name of the website from which they originate, the duration of their storage on the device, and a unique identifier.  <\/p>\n<p><strong>Cookies Policy:<\/strong><\/p>\n<p> 1. The server uses cookies. <\/p>\n<p>  2.<br \/>\nPliki cookie (tzw. &#8220;ciasteczka&#8221;) stanowi\u0105 dane informatyczne, w szczeg\u00f3lno\u015bci pliki tekstowe, kt\u00f3re przechowywane s\u0105 w urz\u0105dzeniu ko\u0144cowym u\u017cytkownika serwisu i przeznaczone s\u0105 do korzystania ze stron internetowych serwisu. <\/span><\/p>\n<p>  3.<br \/>\nPodmiotem zamieszczaj\u0105cym na urz\u0105dzeniu ko\u0144cowym u\u017cytkownika serwisu pliki cookies oraz uzyskuj\u0105cym do nich dost\u0119p jest operator serwisu.<\/span> 4. Cel wykorzystywania plik\u00f3w Cookies.<br \/>\na) dostosowanie zawarto\u015bci stron serwisu internetowego do preferencji u\u017cytkownika oraz optymalizacja korzystania ze stron internetowych; w szczeg\u00f3lno\u015bci pliki te pozwalaj\u0105 rozpozna\u0107 urz\u0105dzenie u\u017cytkownika serwisu internetowego i odpowiednio wy\u015bwietli\u0107 stron\u0119 internetow\u0105, dostosowan\u0105 do jego indywidualnych potrze<br \/>\nb) utrzymanie sesji u\u017cytkownika serwisu ( po zalogowaniu), dzi\u0119ki czemu u\u017cytkownik nie musi ka\u017cdej podstronie serwisu ponownie wpisywa\u0107 loginu i has\u0142a<br \/>\nc) tworzenie statystyk obrazuj\u0105cych spos\u00f3b poruszania si\u0119 u\u017cytkownika po stronie, pomagaj\u0105 zrozumie\u0107, w jaki spos\u00f3b u\u017cytkownicy serwisu korzystaj\u0105 ze strony.<br \/>\nUmo\u017cliwia to ulepszenie jej struktury i zawarto\u015bci<br \/>\nd) okre\u015blenia profilu u\u017cytkownika przez sieci reklamowe w celu wy\u015bwietlenia reklam dopasowanych do sposobu, w jaki u\u017cytkownik korzysta z serwisu.<br \/>\nW tym celu mog\u0105 zachowa\u0107 informacj\u0119 o \u015bcie\u017cce nawigacji u\u017cytkownika lub czasie pozostawania na danej stronie.<br \/>\n5. W ramach serwisu stosowane s\u0105 dwa zasadnicze rodzaje plik\u00f3w cookies: \u201esesyjne\u201d (session cookies) oraz \u201esta\u0142e\u201d (persistent cookies).<br \/>\nCookies \u201esesyjne\u201d s\u0105 plikami tymczasowymi, kt\u00f3re przechowywane s\u0105 w urz\u0105dzeniu ko\u0144cowym u\u017cytkownika do czasu wylogowania, opuszczenia strony internetowej lub wy\u0142\u0105czenia oprogramowania (przegl\u0105darki internetowej).<br \/>\n\u201eSta\u0142e\u201d pliki cookies przechowywane s\u0105 w urz\u0105dzeniu ko\u0144cowym u\u017cytkownika przez czas okre\u015blony w parametrach plik\u00f3w cookies lub do czasu ich usuni\u0119cia przez u\u017cytkownika.<br \/>\n6. Wi\u0119kszo\u015b\u0107 przegl\u0105darek internetowych automatycznie aktywuje pliki cookies.<br \/>\nZmieniaj\u0105c ustawienia u\u017cywanej przegl\u0105darki mo\u017cliwe jest zdecydowanie, czy oraz w jakim stopniu pliki cookies b\u0119d\u0105 mia\u0142y dost\u0119p do naszego komputera.<br \/>\nNale\u017cy pami\u0119ta\u0107, \u017ce zaniechanie wprowadzenia jakichkolwiek zmian z automatu b\u0119dzie oznacza\u0142o nasz\u0105 akceptacj\u0119 domy\u015blnych ustawie\u0144 przegl\u0105darki i zgod\u0119 na dzia\u0142anie plik\u00f3w cookies.<br \/>\n7. Ograniczenia stosowania plik\u00f3w cookies mog\u0105 wp\u0142yn\u0105\u0107 na niekt\u00f3re funkcje dost\u0119pne na stronie internetowej serwisu.<br \/>\n8. Pliki cookies zamieszczane w urz\u0105dzeniu ko\u0144cowym u\u017cytkownika serwisu i wykorzystywane mog\u0105 by\u0107 r\u00f3wnie\u017c przez wsp\u00f3\u0142pracuj\u0105cych z operatorem serwisu reklamodawc\u00f3w oraz partner\u00f3w. <strong>Zarz\u0105dzanie plikami cookies &#8211; Jak wy\u0142\u0105czy\u0107\/wy\u0142\u0105czy\u0107 pliki Cookie w przegl\u0105darce:<\/strong> 1. U\u017cytkownik mo\u017ce samodzielnie zmieni\u0107 ustawienia przegl\u0105darki, tak aby nie otrzymywa\u0107 plik\u00f3w cookies, jednak\u017ce wy\u0142\u0105czenie obs\u0142ugi plik\u00f3w cookies mo\u017ce utrudni\u0107, a w niekt\u00f3rych przypadkach mo\u017ce uniemo\u017cliwi\u0107 korzystanie ze stron www.<br \/>\n2. Szczeg\u00f3\u0142owe informacje o mo\u017cliwo\u015bci i sposobach obs\u0142ugi plik\u00f3w cookies dost\u0119pne s\u0105 w ustawieniach oprogramowania (przegl\u0105darki internetowej).<br \/>\nW celu zarz\u0105dzania ustawieniami cookies (wybrane przegl\u0105darki)<\/em> nale\u017cy wybra\u0107 z poni\u017cszej listy odpowiedni\u0105 przegl\u0105dark\u0119 internetow\u0105, system i post\u0119powa\u0107 zgodnie z instrukcjami: <a href=\"http:\/\/help.opera.com\/Windows\/12.10\/pl\/cookies.html\">Przegl\u0105darka Opera<\/a><\/p>\n<p><a href=\"https:\/\/support.mozilla.org\/pl\/kb\/W%C5%82%C4%85czanie%20i%20wy%C5%82%C4%85czanie%20obs%C5%82ugi%20ciasteczek\">Przegl\u0105darka Firefox<\/a><a href=\"https:\/\/support.google.com\/chrome\/answer\/95647?hl=pl\">Przegl\u0105darka Chrome<\/a><a href=\"http:\/\/windows.microsoft.com\/pl-pl\/windows7\/block-enable-or-allow-cookies\">Przegl\u0105darka Internet Explorer<\/a><a href=\"http:\/\/support.apple.com\/kb\/PH5042\">Przegl\u0105darka Safari<\/a>                 <\/p>\n","protected":false},"excerpt":{"rendered":"<p>Cookies: Information, small files saved by a server on the user&#8217;s device (computer, tablet, or smartphone) while visiting websites. These files can be read by servers each time the device connects. Cookies typically contain the name of the website from which they originate, the duration of their storage on the device, and a unique identifier. [&hellip;]<\/p>\n","protected":false},"author":66,"featured_media":0,"parent":0,"menu_order":0,"comment_status":"closed","ping_status":"closed","template":"","meta":{"footnotes":"","_links_to":"","_links_to_target":""},"class_list":["post-8732","page","type-page","status-publish","hentry","has-post-title","has-post-date","has-post-category","has-post-tag","has-post-comment","has-post-author",""],"yoast_head":"<!-- This site is optimized with the Yoast SEO plugin v27.5 - https:\/\/yoast.com\/product\/yoast-seo-wordpress\/ -->\n<title>Cookie policy - OPA S.A.<\/title>\n<meta name=\"robots\" content=\"index, follow, max-snippet:-1, max-image-preview:large, max-video-preview:-1\" \/>\n<link rel=\"canonical\" href=\"https:\/\/opa.pl\/en\/cookie-policy\/\" \/>\n<meta property=\"og:locale\" content=\"en_US\" \/>\n<meta property=\"og:type\" content=\"article\" \/>\n<meta property=\"og:title\" content=\"Cookie policy - OPA S.A.\" \/>\n<meta property=\"og:description\" content=\"Cookies: Information, small files saved by a server on the user&#8217;s device (computer, tablet, or smartphone) while visiting websites. These files can be read by servers each time the device connects. Cookies typically contain the name of the website from which they originate, the duration of their storage on the device, and a unique identifier. [&hellip;]\" \/>\n<meta property=\"og:url\" content=\"https:\/\/opa.pl\/en\/cookie-policy\/\" \/>\n<meta property=\"og:site_name\" content=\"OPA S.A.\" \/>\n<meta property=\"article:modified_time\" content=\"2024-10-14T12:00:11+00:00\" \/>\n<meta name=\"twitter:card\" content=\"summary_large_image\" \/>\n<meta name=\"twitter:label1\" content=\"Est. reading time\" \/>\n\t<meta name=\"twitter:data1\" content=\"3 minutes\" \/>\n<script type=\"application\/ld+json\" class=\"yoast-schema-graph\">{\"@context\":\"https:\\\/\\\/schema.org\",\"@graph\":[{\"@type\":\"WebPage\",\"@id\":\"https:\\\/\\\/opa.pl\\\/en\\\/cookie-policy\\\/\",\"url\":\"https:\\\/\\\/opa.pl\\\/en\\\/cookie-policy\\\/\",\"name\":\"Cookie policy - OPA S.A.\",\"isPartOf\":{\"@id\":\"https:\\\/\\\/opa.pl\\\/en\\\/#website\"},\"datePublished\":\"2017-07-06T07:17:23+00:00\",\"dateModified\":\"2024-10-14T12:00:11+00:00\",\"breadcrumb\":{\"@id\":\"https:\\\/\\\/opa.pl\\\/en\\\/cookie-policy\\\/#breadcrumb\"},\"inLanguage\":\"en-US\",\"potentialAction\":[{\"@type\":\"ReadAction\",\"target\":[\"https:\\\/\\\/opa.pl\\\/en\\\/cookie-policy\\\/\"]}]},{\"@type\":\"BreadcrumbList\",\"@id\":\"https:\\\/\\\/opa.pl\\\/en\\\/cookie-policy\\\/#breadcrumb\",\"itemListElement\":[{\"@type\":\"ListItem\",\"position\":1,\"name\":\"Strona g\u0142\u00f3wna\",\"item\":\"https:\\\/\\\/opa.pl\\\/en\\\/home\\\/\"},{\"@type\":\"ListItem\",\"position\":2,\"name\":\"Cookie policy\"}]},{\"@type\":\"WebSite\",\"@id\":\"https:\\\/\\\/opa.pl\\\/en\\\/#website\",\"url\":\"https:\\\/\\\/opa.pl\\\/en\\\/\",\"name\":\"OPA S.A.\",\"description\":\"Pomiary elektryczne, badania nieniszcz\u0105ce, projektowanie instalacji elektrycznych, pogotowie kablowe, pompy ciep\u0142a, fotowoltaika\",\"publisher\":{\"@id\":\"https:\\\/\\\/opa.pl\\\/en\\\/#organization\"},\"potentialAction\":[{\"@type\":\"SearchAction\",\"target\":{\"@type\":\"EntryPoint\",\"urlTemplate\":\"https:\\\/\\\/opa.pl\\\/en\\\/?s={search_term_string}\"},\"query-input\":{\"@type\":\"PropertyValueSpecification\",\"valueRequired\":true,\"valueName\":\"search_term_string\"}}],\"inLanguage\":\"en-US\"},{\"@type\":\"Organization\",\"@id\":\"https:\\\/\\\/opa.pl\\\/en\\\/#organization\",\"name\":\"OPA PW S.A.\",\"url\":\"https:\\\/\\\/opa.pl\\\/en\\\/\",\"logo\":{\"@type\":\"ImageObject\",\"inLanguage\":\"en-US\",\"@id\":\"https:\\\/\\\/opa.pl\\\/en\\\/#\\\/schema\\\/logo\\\/image\\\/\",\"url\":\"https:\\\/\\\/opa.pl\\\/wp-content\\\/uploads\\\/2017\\\/09\\\/opa_logo_na-www.png\",\"contentUrl\":\"https:\\\/\\\/opa.pl\\\/wp-content\\\/uploads\\\/2017\\\/09\\\/opa_logo_na-www.png\",\"width\":703,\"height\":241,\"caption\":\"OPA PW S.A.\"},\"image\":{\"@id\":\"https:\\\/\\\/opa.pl\\\/en\\\/#\\\/schema\\\/logo\\\/image\\\/\"}}]}<\/script>\n<!-- \/ Yoast SEO plugin. -->","yoast_head_json":{"title":"Cookie policy - OPA S.A.","robots":{"index":"index","follow":"follow","max-snippet":"max-snippet:-1","max-image-preview":"max-image-preview:large","max-video-preview":"max-video-preview:-1"},"canonical":"https:\/\/opa.pl\/en\/cookie-policy\/","og_locale":"en_US","og_type":"article","og_title":"Cookie policy - OPA S.A.","og_description":"Cookies: Information, small files saved by a server on the user&#8217;s device (computer, tablet, or smartphone) while visiting websites. These files can be read by servers each time the device connects. Cookies typically contain the name of the website from which they originate, the duration of their storage on the device, and a unique identifier. [&hellip;]","og_url":"https:\/\/opa.pl\/en\/cookie-policy\/","og_site_name":"OPA S.A.","article_modified_time":"2024-10-14T12:00:11+00:00","twitter_card":"summary_large_image","twitter_misc":{"Est. reading time":"3 minutes"},"schema":{"@context":"https:\/\/schema.org","@graph":[{"@type":"WebPage","@id":"https:\/\/opa.pl\/en\/cookie-policy\/","url":"https:\/\/opa.pl\/en\/cookie-policy\/","name":"Cookie policy - OPA S.A.","isPartOf":{"@id":"https:\/\/opa.pl\/en\/#website"},"datePublished":"2017-07-06T07:17:23+00:00","dateModified":"2024-10-14T12:00:11+00:00","breadcrumb":{"@id":"https:\/\/opa.pl\/en\/cookie-policy\/#breadcrumb"},"inLanguage":"en-US","potentialAction":[{"@type":"ReadAction","target":["https:\/\/opa.pl\/en\/cookie-policy\/"]}]},{"@type":"BreadcrumbList","@id":"https:\/\/opa.pl\/en\/cookie-policy\/#breadcrumb","itemListElement":[{"@type":"ListItem","position":1,"name":"Strona g\u0142\u00f3wna","item":"https:\/\/opa.pl\/en\/home\/"},{"@type":"ListItem","position":2,"name":"Cookie policy"}]},{"@type":"WebSite","@id":"https:\/\/opa.pl\/en\/#website","url":"https:\/\/opa.pl\/en\/","name":"OPA S.A.","description":"Pomiary elektryczne, badania nieniszcz\u0105ce, projektowanie instalacji elektrycznych, pogotowie kablowe, pompy ciep\u0142a, fotowoltaika","publisher":{"@id":"https:\/\/opa.pl\/en\/#organization"},"potentialAction":[{"@type":"SearchAction","target":{"@type":"EntryPoint","urlTemplate":"https:\/\/opa.pl\/en\/?s={search_term_string}"},"query-input":{"@type":"PropertyValueSpecification","valueRequired":true,"valueName":"search_term_string"}}],"inLanguage":"en-US"},{"@type":"Organization","@id":"https:\/\/opa.pl\/en\/#organization","name":"OPA PW S.A.","url":"https:\/\/opa.pl\/en\/","logo":{"@type":"ImageObject","inLanguage":"en-US","@id":"https:\/\/opa.pl\/en\/#\/schema\/logo\/image\/","url":"https:\/\/opa.pl\/wp-content\/uploads\/2017\/09\/opa_logo_na-www.png","contentUrl":"https:\/\/opa.pl\/wp-content\/uploads\/2017\/09\/opa_logo_na-www.png","width":703,"height":241,"caption":"OPA PW S.A."},"image":{"@id":"https:\/\/opa.pl\/en\/#\/schema\/logo\/image\/"}}]}},"builder_content":"","_links":{"self":[{"href":"https:\/\/opa.pl\/en\/wp-json\/wp\/v2\/pages\/8732","targetHints":{"allow":["GET"]}}],"collection":[{"href":"https:\/\/opa.pl\/en\/wp-json\/wp\/v2\/pages"}],"about":[{"href":"https:\/\/opa.pl\/en\/wp-json\/wp\/v2\/types\/page"}],"author":[{"embeddable":true,"href":"https:\/\/opa.pl\/en\/wp-json\/wp\/v2\/users\/66"}],"replies":[{"embeddable":true,"href":"https:\/\/opa.pl\/en\/wp-json\/wp\/v2\/comments?post=8732"}],"version-history":[{"count":1,"href":"https:\/\/opa.pl\/en\/wp-json\/wp\/v2\/pages\/8732\/revisions"}],"predecessor-version":[{"id":8733,"href":"https:\/\/opa.pl\/en\/wp-json\/wp\/v2\/pages\/8732\/revisions\/8733"}],"wp:attachment":[{"href":"https:\/\/opa.pl\/en\/wp-json\/wp\/v2\/media?parent=8732"}],"curies":[{"name":"wp","href":"https:\/\/api.w.org\/{rel}","templated":true}]}}