{"id":8745,"date":"2021-06-11T20:57:43","date_gmt":"2021-06-11T18:57:43","guid":{"rendered":"https:\/\/opa.pl\/cable-fault-location-2\/"},"modified":"2024-10-22T13:47:57","modified_gmt":"2024-10-22T11:47:57","slug":"cable-fault-location-2","status":"publish","type":"page","link":"https:\/\/opa.pl\/en\/cable-fault-location-2\/","title":{"rendered":"24\/7 CABLE SERVICE"},"content":{"rendered":"<!--themify_builder_content-->\n<div id=\"themify_builder_content-8745\" data-postid=\"8745\" class=\"themify_builder_content themify_builder_content-8745 themify_builder tf_clear\">\n                    <div  data-css_id=\"kr65618\" data-lazy=\"1\" class=\"module_row themify_builder_row fullwidth_row_container tb_kr65618 tb_first tf_w\">\n                        <div class=\"row_inner col_align_top tb_col_count_1 tf_box tf_rel\">\n                        <div  data-lazy=\"1\" class=\"module_column tb-column col-full tb_rb8v622 first\">\n                    <!-- module text -->\n<div  class=\"module module-text tb_zqmp623   \" data-lazy=\"1\">\n        <div  class=\"tb_text_wrap\">\n        <h1 style=\"text-align: center;\"><strong>Cable fault location 24\/7<br><\/strong><\/h1>    <\/div>\n<\/div>\n<!-- \/module text -->        <\/div>\n                        <\/div>\n        <\/div>\n                        <div  data-lazy=\"1\" class=\"module_row themify_builder_row tb_uk3p619 tf_w\">\n                        <div class=\"row_inner col_align_top tb_col_count_1 tf_box tf_rel\">\n                        <div  data-lazy=\"1\" class=\"module_column tb-column col-full tb_5rg1625 first\">\n                    <!-- module text -->\n<div  class=\"module module-text tb_1w8g625   \" data-lazy=\"1\">\n        <div  class=\"tb_text_wrap\">\n        <h2 style=\"text-align: center;\"><strong>We locate electrical cable faults throughout Silesia and beyond.<\/strong><\/h2>\n<p style=\"text-align: center;\"><strong> (Katowice, Krak\u00f3w, Opole, Cz\u0119stochowa, Sosnowiec, Gliwice, Zabrze, Bielsko-Bia\u0142a, Bytom, Ruda \u015al\u0105ska, Rybnik, Tychy, D\u0105browa G\u00f3rnicza, Chorz\u00f3w, Jaworzno, Jastrz\u0119bie-Zdr\u00f3j, Mys\u0142owice, Siemianowice, \u017bory)<\/strong><\/p>    <\/div>\n<\/div>\n<!-- \/module text -->        <\/div>\n                        <\/div>\n        <\/div>\n                        <div  data-css_id=\"2u9b619\" data-lazy=\"1\" class=\"module_row themify_builder_row fullwidth_row_container tb_2u9b619 tf_w\">\n                        <div class=\"row_inner col_align_top tb_col_count_1 tf_box tf_rel\">\n                        <div  data-lazy=\"1\" class=\"module_column tb-column col-full tb_v5dv628 first\">\n                    <!-- module text -->\n<div  class=\"module module-text tb_vidn628   \" data-lazy=\"1\">\n        <div  class=\"tb_text_wrap\">\n        <p><strong>Causes of electrical cable faults<br><\/strong><\/p>\n<p>During the operation of low, medium and high voltage electrical cables, insulation damage between phase and ground or between phases is common.<\/p>\n<p>The most common causes of damage to cables laid in the ground include:<\/p>\n<ul>\n<li>improper cable routing,<\/li>\n<li>earthworks (excavator),<\/li>\n<li>soil stress (mining damage),<\/li>\n<li>the spreading roots of trees and shrubs,<\/li>\n<li>stones lying directly on or beneath the cable,<\/li>\n<li>ground movements,<\/li>\n<li>lightning strikes,<\/li>\n<li>stray electric currents,<\/li>\n<li>cable aging,<\/li>\n<li>poor-quality cable joints.<\/li>\n<\/ul>    <\/div>\n<\/div>\n<!-- \/module text -->        <\/div>\n                        <\/div>\n        <\/div>\n                        <div  data-lazy=\"1\" class=\"module_row themify_builder_row tb_8w7p406 tf_w\">\n                        <div class=\"row_inner col_align_top tb_col_count_1 tf_box tf_rel\">\n                        <div  data-lazy=\"1\" class=\"module_column tb-column col-full tb_rqyu407 first\">\n                    <!-- module text -->\n<div  class=\"module module-text tb_lvts407   \" data-lazy=\"1\">\n        <div  class=\"tb_text_wrap\">\n        <p><strong>Cable fault location 24\/7:<\/strong><\/p>\n<ul>\n<li>We locate faults in medium and low voltage cable lines<\/li>\n<li>we have the capability to perform preliminary fault location without the need for boosting the cable<\/li>\n<li>precise pinpointing of cable faults using acoustic, inductive, or galvanic methods<\/li>\n<li>routing the location of power cables in the ground &#8211; determining the depth and position<\/li>\n<\/ul>\n<p> <\/p>\n<p><strong>Voltage testing of power cables:<\/strong><\/p>\n<ul>\n<li>we perform voltage testing of low and medium voltage cables<\/li>\n<li>DC, DAC, and AC 0.1 Hz rectified and very low frequency voltage tests for medium and low voltage cable lines<\/li>\n<li>cable sheath leakage testing<\/li>\n<li>measurements of the insulation condition and resistance of the cable lines conductors groundings<\/li>\n<\/ul>    <\/div>\n<\/div>\n<!-- \/module text -->        <\/div>\n                        <\/div>\n        <\/div>\n                        <div  data-css_id=\"61ax840\" data-lazy=\"1\" class=\"module_row themify_builder_row fullwidth_row_container tb_61ax840 tf_w\">\n                        <div class=\"row_inner col_align_top tb_col_count_3 tf_box tf_rel\">\n                        <div  data-lazy=\"1\" class=\"module_column tb-column col4-1 tb_lenc840 first\">\n                            <\/div>\n                    <div  data-lazy=\"1\" class=\"module_column tb-column col4-2 tb_2zuh802\">\n                            <div  data-lazy=\"1\" class=\"module_subrow themify_builder_sub_row tf_w col_align_top tb_col_count_1 tb_oyjz849\">\n                <div  data-lazy=\"1\" class=\"module_column sub_column col-full tb_638e849 first\">\n                    <!-- module text -->\n<div  class=\"module module-text tb_ncoy802   \" data-lazy=\"1\">\n        <div  class=\"tb_text_wrap\">\n        <h2 style=\"text-align: center;\"><strong>Do you need help?<\/strong><\/h2>\n<h2 style=\"text-align: center;\"><a id=\"kontakt\"><\/a><strong>CALL NOW!<br>\n<\/strong><\/h2>\n    <\/div>\n<\/div>\n<!-- \/module text --><!-- module buttons -->\n<div  class=\"module module-buttons tb_jo01480 buttons-horizontal solid post-8745 page type-page status-publish hentry has-post-title has-post-date has-post-category has-post-tag has-post-comment has-post-author  xlarge buttons-fullwidth\" data-lazy=\"1\" id=\"Pomiary elektryczne, badania nieniszcz\u0105ce, projektowanie instalacji elektrycznych, pogotowie kablowe, pompy ciep\u0142a, fotowoltaika\">\n        <div class=\"module-buttons-item tf_in_flx\">\n                        <a href=\"tel:+48502423314\" class=\"ui builder_button tf_in_flx transparent\" >\n                                                502423314                                        <\/a>\n                <\/div>\n            <\/div>\n<!-- \/module buttons -->\n<!-- module buttons -->\n<div  class=\"module module-buttons tb_1mxn264 buttons-horizontal solid post-8745 page type-page status-publish hentry has-post-title has-post-date has-post-category has-post-tag has-post-comment has-post-author  xlarge buttons-fullwidth\" data-lazy=\"1\" id=\"Pomiary elektryczne, badania nieniszcz\u0105ce, projektowanie instalacji elektrycznych, pogotowie kablowe, pompy ciep\u0142a, fotowoltaika\">\n        <div class=\"module-buttons-item tf_in_flx\">\n                        <a href=\"tel:+48513143582\" class=\"ui builder_button tf_in_flx transparent\" >\n                                                513143582                                        <\/a>\n                <\/div>\n            <\/div>\n<!-- \/module buttons -->\n        <\/div>\n                    <\/div>\n                <\/div>\n                    <div  data-lazy=\"1\" class=\"module_column tb-column col4-1 tb_vdra820 last\">\n                            <\/div>\n                        <\/div>\n        <\/div>\n                        <div  data-css_id=\"sfe3304\" data-lazy=\"1\" class=\"module_row themify_builder_row fullwidth_row_container tb_sfe3304 tf_w\">\n                        <div class=\"row_inner col_align_top tb_col_count_3 tf_box tf_rel\">\n                        <div  data-lazy=\"1\" class=\"module_column tb-column col4-1 tb_xroq304 first\">\n                            <\/div>\n                    <div  data-lazy=\"1\" class=\"module_column tb-column col4-2 tb_jyy3304\">\n                            <div  data-lazy=\"1\" class=\"module_subrow themify_builder_sub_row tf_w col_align_top tb_col_count_1 tb_tmpw305\">\n                <div  data-lazy=\"1\" class=\"module_column sub_column col-full tb_m9mm305 first\">\n                    <!-- module text -->\n<div  class=\"module module-text tb_23mz305   \" data-lazy=\"1\">\n        <div  class=\"tb_text_wrap\">\n        <h2 style=\"text-align: center;\"><strong>Do you need information?<\/strong><\/h2>\n<h2 style=\"text-align: center;\"><a id=\"mail\"><\/a><strong>EMAIL:<\/strong><\/h2>\n    <\/div>\n<\/div>\n<!-- \/module text --><!-- module buttons -->\n<div  class=\"module module-buttons tb_7n4i291 buttons-horizontal solid post-8745 page type-page status-publish hentry has-post-title has-post-date has-post-category has-post-tag has-post-comment has-post-author  xlarge buttons-fullwidth\" data-lazy=\"1\" id=\"Pomiary elektryczne, badania nieniszcz\u0105ce, projektowanie instalacji elektrycznych, pogotowie kablowe, pompy ciep\u0142a, fotowoltaika\">\n        <div class=\"module-buttons-item tf_in_flx\">\n                        <a href=\"mailto:mkl@opa.pl\" class=\"ui builder_button tf_in_flx transparent\" >\n                                                mkl@opa.pl                                        <\/a>\n                <\/div>\n            <\/div>\n<!-- \/module buttons -->\n        <\/div>\n                    <\/div>\n                <\/div>\n                    <div  data-lazy=\"1\" class=\"module_column tb-column col4-1 tb_n01l305 last\">\n                            <\/div>\n                        <\/div>\n        <\/div>\n        <\/div>\n<!--\/themify_builder_content--><p><\/p>","protected":false},"excerpt":{"rendered":"","protected":false},"author":4,"featured_media":0,"parent":0,"menu_order":0,"comment_status":"closed","ping_status":"closed","template":"","meta":{"footnotes":"","_links_to":"","_links_to_target":""},"class_list":["post-8745","page","type-page","status-publish","hentry","has-post-title","has-post-date","has-post-category","has-post-tag","has-post-comment","has-post-author",""],"yoast_head":"<!-- This site is optimized with the Yoast SEO plugin v27.2 - https:\/\/yoast.com\/product\/yoast-seo-wordpress\/ -->\n<title>24\/7 CABLE SERVICE - OPA S.A.<\/title>\n<meta name=\"description\" content=\"Cable fault location 24\/7. We locate faults throughout Silesia and beyond. We locate, route, measure. Call us.\" \/>\n<meta name=\"robots\" content=\"index, follow, max-snippet:-1, max-image-preview:large, max-video-preview:-1\" \/>\n<link rel=\"canonical\" href=\"https:\/\/opa.pl\/en\/cable-fault-location-2\/\" \/>\n<meta property=\"og:locale\" content=\"en_US\" \/>\n<meta property=\"og:type\" content=\"article\" \/>\n<meta property=\"og:title\" content=\"24\/7 CABLE SERVICE - OPA S.A.\" \/>\n<meta property=\"og:description\" content=\"Cable fault location 24\/7. We locate faults throughout Silesia and beyond. We locate, route, measure. Call us.\" \/>\n<meta property=\"og:url\" content=\"https:\/\/opa.pl\/en\/cable-fault-location-2\/\" \/>\n<meta property=\"og:site_name\" content=\"OPA S.A.\" \/>\n<meta property=\"article:modified_time\" content=\"2024-10-22T11:47:57+00:00\" \/>\n<meta name=\"twitter:card\" content=\"summary_large_image\" \/>\n<meta name=\"twitter:label1\" content=\"Est. reading time\" \/>\n\t<meta name=\"twitter:data1\" content=\"1 minute\" \/>\n<script type=\"application\/ld+json\" class=\"yoast-schema-graph\">{\"@context\":\"https:\/\/schema.org\",\"@graph\":[{\"@type\":\"WebPage\",\"@id\":\"https:\/\/opa.pl\/en\/cable-fault-location-2\/\",\"url\":\"https:\/\/opa.pl\/en\/cable-fault-location-2\/\",\"name\":\"24\/7 CABLE SERVICE - OPA S.A.\",\"isPartOf\":{\"@id\":\"https:\/\/opa.pl\/en\/#website\"},\"datePublished\":\"2021-06-11T18:57:43+00:00\",\"dateModified\":\"2024-10-22T11:47:57+00:00\",\"description\":\"Cable fault location 24\/7. We locate faults throughout Silesia and beyond. We locate, route, measure. Call us.\",\"breadcrumb\":{\"@id\":\"https:\/\/opa.pl\/en\/cable-fault-location-2\/#breadcrumb\"},\"inLanguage\":\"en-US\",\"potentialAction\":[{\"@type\":\"ReadAction\",\"target\":[\"https:\/\/opa.pl\/en\/cable-fault-location-2\/\"]}]},{\"@type\":\"BreadcrumbList\",\"@id\":\"https:\/\/opa.pl\/en\/cable-fault-location-2\/#breadcrumb\",\"itemListElement\":[{\"@type\":\"ListItem\",\"position\":1,\"name\":\"Strona g\u0142\u00f3wna\",\"item\":\"https:\/\/opa.pl\/en\/home\/\"},{\"@type\":\"ListItem\",\"position\":2,\"name\":\"24\/7 CABLE SERVICE\"}]},{\"@type\":\"WebSite\",\"@id\":\"https:\/\/opa.pl\/en\/#website\",\"url\":\"https:\/\/opa.pl\/en\/\",\"name\":\"OPA S.A.\",\"description\":\"Pomiary elektryczne, badania nieniszcz\u0105ce, projektowanie instalacji elektrycznych, pogotowie kablowe, pompy ciep\u0142a, fotowoltaika\",\"publisher\":{\"@id\":\"https:\/\/opa.pl\/en\/#organization\"},\"potentialAction\":[{\"@type\":\"SearchAction\",\"target\":{\"@type\":\"EntryPoint\",\"urlTemplate\":\"https:\/\/opa.pl\/en\/?s={search_term_string}\"},\"query-input\":{\"@type\":\"PropertyValueSpecification\",\"valueRequired\":true,\"valueName\":\"search_term_string\"}}],\"inLanguage\":\"en-US\"},{\"@type\":\"Organization\",\"@id\":\"https:\/\/opa.pl\/en\/#organization\",\"name\":\"OPA PW S.A.\",\"url\":\"https:\/\/opa.pl\/en\/\",\"logo\":{\"@type\":\"ImageObject\",\"inLanguage\":\"en-US\",\"@id\":\"https:\/\/opa.pl\/en\/#\/schema\/logo\/image\/\",\"url\":\"https:\/\/opa.pl\/wp-content\/uploads\/2017\/09\/opa_logo_na-www.png\",\"contentUrl\":\"https:\/\/opa.pl\/wp-content\/uploads\/2017\/09\/opa_logo_na-www.png\",\"width\":703,\"height\":241,\"caption\":\"OPA PW S.A.\"},\"image\":{\"@id\":\"https:\/\/opa.pl\/en\/#\/schema\/logo\/image\/\"}}]}<\/script>\n<!-- \/ Yoast SEO plugin. -->","yoast_head_json":{"title":"24\/7 CABLE SERVICE - OPA S.A.","description":"Cable fault location 24\/7. We locate faults throughout Silesia and beyond. We locate, route, measure. Call us.","robots":{"index":"index","follow":"follow","max-snippet":"max-snippet:-1","max-image-preview":"max-image-preview:large","max-video-preview":"max-video-preview:-1"},"canonical":"https:\/\/opa.pl\/en\/cable-fault-location-2\/","og_locale":"en_US","og_type":"article","og_title":"24\/7 CABLE SERVICE - OPA S.A.","og_description":"Cable fault location 24\/7. We locate faults throughout Silesia and beyond. We locate, route, measure. Call us.","og_url":"https:\/\/opa.pl\/en\/cable-fault-location-2\/","og_site_name":"OPA S.A.","article_modified_time":"2024-10-22T11:47:57+00:00","twitter_card":"summary_large_image","twitter_misc":{"Est. reading time":"1 minute"},"schema":{"@context":"https:\/\/schema.org","@graph":[{"@type":"WebPage","@id":"https:\/\/opa.pl\/en\/cable-fault-location-2\/","url":"https:\/\/opa.pl\/en\/cable-fault-location-2\/","name":"24\/7 CABLE SERVICE - OPA S.A.","isPartOf":{"@id":"https:\/\/opa.pl\/en\/#website"},"datePublished":"2021-06-11T18:57:43+00:00","dateModified":"2024-10-22T11:47:57+00:00","description":"Cable fault location 24\/7. We locate faults throughout Silesia and beyond. We locate, route, measure. Call us.","breadcrumb":{"@id":"https:\/\/opa.pl\/en\/cable-fault-location-2\/#breadcrumb"},"inLanguage":"en-US","potentialAction":[{"@type":"ReadAction","target":["https:\/\/opa.pl\/en\/cable-fault-location-2\/"]}]},{"@type":"BreadcrumbList","@id":"https:\/\/opa.pl\/en\/cable-fault-location-2\/#breadcrumb","itemListElement":[{"@type":"ListItem","position":1,"name":"Strona g\u0142\u00f3wna","item":"https:\/\/opa.pl\/en\/home\/"},{"@type":"ListItem","position":2,"name":"24\/7 CABLE SERVICE"}]},{"@type":"WebSite","@id":"https:\/\/opa.pl\/en\/#website","url":"https:\/\/opa.pl\/en\/","name":"OPA S.A.","description":"Pomiary elektryczne, badania nieniszcz\u0105ce, projektowanie instalacji elektrycznych, pogotowie kablowe, pompy ciep\u0142a, fotowoltaika","publisher":{"@id":"https:\/\/opa.pl\/en\/#organization"},"potentialAction":[{"@type":"SearchAction","target":{"@type":"EntryPoint","urlTemplate":"https:\/\/opa.pl\/en\/?s={search_term_string}"},"query-input":{"@type":"PropertyValueSpecification","valueRequired":true,"valueName":"search_term_string"}}],"inLanguage":"en-US"},{"@type":"Organization","@id":"https:\/\/opa.pl\/en\/#organization","name":"OPA PW S.A.","url":"https:\/\/opa.pl\/en\/","logo":{"@type":"ImageObject","inLanguage":"en-US","@id":"https:\/\/opa.pl\/en\/#\/schema\/logo\/image\/","url":"https:\/\/opa.pl\/wp-content\/uploads\/2017\/09\/opa_logo_na-www.png","contentUrl":"https:\/\/opa.pl\/wp-content\/uploads\/2017\/09\/opa_logo_na-www.png","width":703,"height":241,"caption":"OPA PW S.A."},"image":{"@id":"https:\/\/opa.pl\/en\/#\/schema\/logo\/image\/"}}]}},"builder_content":"<h1 style=\"text-align: center;\"><strong>Cable fault location 24\/7<br><\/strong><\/h1>\n<h2 style=\"text-align: center;\"><strong>We locate electrical cable faults throughout Silesia and beyond.<\/strong><\/h2> <p style=\"text-align: center;\"><strong> (Katowice, Krak\u00f3w, Opole, Cz\u0119stochowa, Sosnowiec, Gliwice, Zabrze, Bielsko-Bia\u0142a, Bytom, Ruda \u015al\u0105ska, Rybnik, Tychy, D\u0105browa G\u00f3rnicza, Chorz\u00f3w, Jaworzno, Jastrz\u0119bie-Zdr\u00f3j, Mys\u0142owice, Siemianowice, \u017bory)<\/strong><\/p>\n<p><strong>Causes of electrical cable faults<br><\/strong><\/p> <p>During the operation of low, medium and high voltage electrical cables, insulation damage between phase and ground or between phases is common.<\/p> <p>The most common causes of damage to cables laid in the ground include:<\/p> <ul> <li>improper cable routing,<\/li> <li>earthworks (excavator),<\/li> <li>soil stress (mining damage),<\/li> <li>the spreading roots of trees and shrubs,<\/li> <li>stones lying directly on or beneath the cable,<\/li> <li>ground movements,<\/li> <li>lightning strikes,<\/li> <li>stray electric currents,<\/li> <li>cable aging,<\/li> <li>poor-quality cable joints.<\/li> <\/ul>\n<p><strong>Cable fault location 24\/7:<\/strong><\/p> <ul> <li>We locate faults in medium and low voltage cable lines<\/li> <li>we have the capability to perform preliminary fault location without the need for boosting the cable<\/li> <li>precise pinpointing of cable faults using acoustic, inductive, or galvanic methods<\/li> <li>routing the location of power cables in the ground - determining the depth and position<\/li> <\/ul> <p> <\/p> <p><strong>Voltage testing of power cables:<\/strong><\/p> <ul> <li>we perform voltage testing of low and medium voltage cables<\/li> <li>DC, DAC, and AC 0.1 Hz rectified and very low frequency voltage tests for medium and low voltage cable lines<\/li> <li>cable sheath leakage testing<\/li> <li>measurements of the insulation condition and resistance of the cable lines conductors groundings<\/li> <\/ul>\n<h2 style=\"text-align: center;\"><strong>Do you need help?<\/strong><\/h2> <h2 style=\"text-align: center;\"><a id=\"kontakt\"><\/a><strong>CALL NOW!<br> <\/strong><\/h2>\n<a href=\"tel:+48502423314\" > 502423314 <\/a>\n<a href=\"tel:+48513143582\" > 513143582 <\/a>\n<h2 style=\"text-align: center;\"><strong>Do you need information?<\/strong><\/h2> <h2 style=\"text-align: center;\"><a id=\"mail\"><\/a><strong>EMAIL:<\/strong><\/h2>\n<a href=\"mailto:mkl@opa.pl\" > mkl@opa.pl <\/a>","_links":{"self":[{"href":"https:\/\/opa.pl\/en\/wp-json\/wp\/v2\/pages\/8745","targetHints":{"allow":["GET"]}}],"collection":[{"href":"https:\/\/opa.pl\/en\/wp-json\/wp\/v2\/pages"}],"about":[{"href":"https:\/\/opa.pl\/en\/wp-json\/wp\/v2\/types\/page"}],"author":[{"embeddable":true,"href":"https:\/\/opa.pl\/en\/wp-json\/wp\/v2\/users\/4"}],"replies":[{"embeddable":true,"href":"https:\/\/opa.pl\/en\/wp-json\/wp\/v2\/comments?post=8745"}],"version-history":[{"count":11,"href":"https:\/\/opa.pl\/en\/wp-json\/wp\/v2\/pages\/8745\/revisions"}],"predecessor-version":[{"id":9446,"href":"https:\/\/opa.pl\/en\/wp-json\/wp\/v2\/pages\/8745\/revisions\/9446"}],"wp:attachment":[{"href":"https:\/\/opa.pl\/en\/wp-json\/wp\/v2\/media?parent=8745"}],"curies":[{"name":"wp","href":"https:\/\/api.w.org\/{rel}","templated":true}]}}